{"id":49,"date":"2018-07-25T11:43:30","date_gmt":"2018-07-25T15:43:30","guid":{"rendered":"http:\/\/192.168.1.5\/?page_id=49"},"modified":"2023-03-22T10:34:18","modified_gmt":"2023-03-22T13:34:18","slug":"reglamentos","status":"publish","type":"page","link":"https:\/\/nidtec.pol.una.py\/index.php\/reglamentos\/","title":{"rendered":"Reglamentos"},"content":{"rendered":"<div class=\"entry-content\">\n<ol>\n<li><a href=\"https:\/\/nidtec.pol.una.py\/wp-content\/uploads\/2018\/09\/reglamento-postgrado-fpuna.pdf\">Reglamento de Postgrado FPUNA A\u00f1o 2010<\/a><\/li>\n<li><a href=\"https:\/\/nidtec.pol.una.py\/wp-content\/uploads\/2018\/09\/maestria-doctorado-cc.pdf\">Resoluci\u00f3n del Rectorado de la UNA de la creaci\u00f3n del Postgrado en Ciencias de la Computaci\u00f3n<\/a><\/li>\n<li><a href=\"https:\/\/nidtec.pol.una.py\/wp-content\/uploads\/2018\/09\/Res-CONES-Doctorado-FPUNA.pdf\">Resoluci\u00f3n del Consejo Nacional de Educaci\u00f3n por la cual se aprueba la habilitaci\u00f3n del programa de Doctorado\u00a0en Ciencias de la Computaci\u00f3n<\/a><\/li>\n<li><a href=\"https:\/\/nidtec.pol.una.py\/wp-content\/uploads\/2018\/09\/Res-CONES-Maestria-FPUNA.pdf\">Resoluci\u00f3n del Consejo Nacional de Educaci\u00f3n por la cual se aprueba la habilitaci\u00f3n del programa de Maestr\u00eda en Ciencias de la Computaci\u00f3n<\/a><\/li>\n<li><a href=\"http:\/\/www.aneaes.gov.py\/media\/resolutions\/2019_12_19\/Resoluci\u00f3n_N\u00ba_548.pdf\">Resoluci\u00f3n de la ANEAES por la cual se acredita por 4 a\u00f1os la Maestr\u00eda en Ciencias de la Computaci\u00f3n<\/a><\/li>\n<li><a href=\"http:\/\/www.aneaes.gov.py\/media\/resolutions\/2019_12_19\/Resoluci\u00f3n_N\u00ba_549.pdf\">Resoluci\u00f3n de la ANEAES por la cual se acredita por 4 a\u00f1os el Doctorado en Ciencias de la Computaci\u00f3n<\/a><\/li>\n<\/ol>\n<h2>Trabajo final y tesis<\/h2>\n<ol>\n<li><a href=\"https:\/\/nidtec.pol.una.py\/wp-content\/uploads\/2021\/05\/rectorado_manual_tesisPG.pdf\">Reglamento del trabajo de tesis de cursos de maestr\u00eda y doctorado<\/a><\/li>\n<li><a href=\"https:\/\/www.overleaf.com\/read\/gprvwxknwnnz\">Formato en L\u00e1tex<\/a><\/li>\n<\/ol>\n<\/div>\n","protected":false},"excerpt":{"rendered":"<p>Reglamento de Postgrado FPUNA A\u00f1o 2010 Resoluci\u00f3n del Rectorado de la UNA de la creaci\u00f3n del Postgrado en Ciencias de la Computaci\u00f3n Resoluci\u00f3n del Consejo Nacional de Educaci\u00f3n por la cual se aprueba la habilitaci\u00f3n del programa de Doctorado\u00a0en Ciencias <a href=\"https:\/\/nidtec.pol.una.py\/index.php\/reglamentos\/\" class=\"read-more\">Leer m\u00e1s&#8230;<\/a><\/p>\n","protected":false},"author":1,"featured_media":0,"parent":0,"menu_order":0,"comment_status":"closed","ping_status":"closed","template":"","meta":{"footnotes":""},"class_list":["post-49","page","type-page","status-publish","hentry"],"_links":{"self":[{"href":"https:\/\/nidtec.pol.una.py\/index.php\/wp-json\/wp\/v2\/pages\/49","targetHints":{"allow":["GET"]}}],"collection":[{"href":"https:\/\/nidtec.pol.una.py\/index.php\/wp-json\/wp\/v2\/pages"}],"about":[{"href":"https:\/\/nidtec.pol.una.py\/index.php\/wp-json\/wp\/v2\/types\/page"}],"author":[{"embeddable":true,"href":"https:\/\/nidtec.pol.una.py\/index.php\/wp-json\/wp\/v2\/users\/1"}],"replies":[{"embeddable":true,"href":"https:\/\/nidtec.pol.una.py\/index.php\/wp-json\/wp\/v2\/comments?post=49"}],"version-history":[{"count":10,"href":"https:\/\/nidtec.pol.una.py\/index.php\/wp-json\/wp\/v2\/pages\/49\/revisions"}],"predecessor-version":[{"id":1349,"href":"https:\/\/nidtec.pol.una.py\/index.php\/wp-json\/wp\/v2\/pages\/49\/revisions\/1349"}],"wp:attachment":[{"href":"https:\/\/nidtec.pol.una.py\/index.php\/wp-json\/wp\/v2\/media?parent=49"}],"curies":[{"name":"wp","href":"https:\/\/api.w.org\/{rel}","templated":true}]}}