{"id":47,"date":"2018-07-25T11:40:47","date_gmt":"2018-07-25T15:40:47","guid":{"rendered":"http:\/\/192.168.1.5\/?page_id=47"},"modified":"2020-05-29T15:01:30","modified_gmt":"2020-05-29T19:01:30","slug":"maestria-en-tecnologia-de-la-informacion-y-comunicacion","status":"publish","type":"page","link":"https:\/\/nidtec.pol.una.py\/index.php\/maestria-en-tecnologia-de-la-informacion-y-comunicacion\/","title":{"rendered":"Maestr\u00eda en Tecnolog\u00eda de la Informaci\u00f3n y Comunicaci\u00f3n"},"content":{"rendered":"<div class=\"entry-content\">\n<h2>Introduction<\/h2>\n<hr \/>\n<p>This graduate program is aimed at college majors on informatics, systems engineering, computer science, and other fields related to Information and Communication Technologies (ICT).<\/p>\n<p>The professional master\u2019s degree program offers training in three specific areas: Software Engineering, Computer Networks, and Information Security.<\/p>\n<p>The duration of the program is 24 months, where two semesters are for specialized courses and two semesters for thesis work.<\/p>\n<h2>Motivation<\/h2>\n<hr \/>\n<p>There is a high demand for qualified professionals in ICT in the current job market, and hence, professional graduate programs in universities become relevant in order to satisfy this need.<\/p>\n<p>A graduate program must prepare students to respond to emergent technologies due to scientific advances and to perform at the peak of their abilities in their careers.<\/p>\n<p>Considering this context, our professional graduate program aims to produce skilled professionals with the capability to generate highly technical products with solutions to local and international markets.<\/p>\n<h2>Student&#8217;s Profile<\/h2>\n<hr \/>\n<p>The graduates of this program will be capable of:<\/p>\n<ul>\n<li>Apply knowledge of current technology to identify and solve problems in ICT.<\/li>\n<\/ul>\n<ul>\n<li>Manage multidisciplinary groups.<\/li>\n<\/ul>\n<ul>\n<li>Permanently stay up to date with current technology.<\/li>\n<\/ul>\n<ul>\n<li>Apply his knowledge to any organization and society in order to add aggregated value to any business.<\/li>\n<\/ul>\n<h2>Study Program<\/h2>\n<hr \/>\n<p><strong>Core Subjects (T)<\/strong><\/p>\n<p>T1. \u00a0Advanced Algorithms\u00a0\u00a0(30hs)<br \/>\nT2. Project Management (40hs)<br \/>\nT3. ICT Government (20hs)<\/p>\n<p><strong>Subjects on\u00a0Auditing\u00a0and Security of Information\u00a0 (S)<\/strong><\/p>\n<p>S1. Computer Networks\u00a0(40hs)<br \/>\nS2. Cryptography (20hs)<br \/>\nS3. Security Protocols in Networks, IPS\/IDS and Firewalls (40hs)<br \/>\nS4. Security Architecture (40hs)<br \/>\nS5. Legal aspects of information security (20hs)<br \/>\nS6. Information Forensics and Digital Evidence (20hs)<br \/>\nS7. Security in Applications and Data Bases (40hs)<br \/>\nS8. Information Systems Auditing\u00a0(40hs)<br \/>\nS9. Risk Management in ICT and Contingency in\u00a0Projects\u00a0(30hs)<br \/>\nS10. Implementation and Management of Systems for Bussiness Continuity (30hs)<\/p>\n<p><strong>Subjects on Software Engineering\u00a0(I)<\/strong><\/p>\n<p>I1. Model-driven Software Engineering\u00a0(30hs)<br \/>\nI2. Ingenier\u00eda de Requisitos (20hs)<br \/>\nI3. Advanced Software Architecture\u00a0(30hs)<br \/>\nI4. Business Processes Modeling (40hs)<br \/>\nI5. Automated Knowledge Extraction (40hs)<br \/>\nI6. Software Quality and Metrics (40hs)<br \/>\nI7. Advanced Design of Software Testing (30hs)<br \/>\nI8. Advanced Data Bases (30hs)<br \/>\nI9. Cloud Computing and Advanced Web Technologies (30hs)<br \/>\nI10. Risk Management in ICT and Contingency in Projects\u00a0(30hs)<\/p>\n<p><strong>Subject on Computer Networks (R)<\/strong><\/p>\n<p>R1. Computer Networks\u00a0(40hs)<br \/>\nR2. Telecommunications (30hs)<br \/>\nR3. Sensor Networks and RFID (20hs)<br \/>\nR4. Advanced Routing and IPv6\u00a0(20hs)<br \/>\nR5. Optical Networks (30hs)<br \/>\nR6. Network Security\u00a0and Data Communication Systems\u00a0(40hs)<br \/>\nR7. Mobile Services and Next Generation Networks\u00a0(40hs)<br \/>\nR8. Traffic Engineering (30hs)<br \/>\nR9. Datacenter Design and Physical Security\u00a0(30hs)<br \/>\nR10. Systems Information Auditing (40hs)<\/p>\n<h2>Degrees<\/h2>\n<hr \/>\n<p>The awarded degree will depend on the specific area:<\/p>\n<p>Professional Master\u2019s Degree in ICT on<\/p>\n<ul>\n<li>Software Engineering<\/li>\n<li>Computer Networks<\/li>\n<li>Auditing and Information Security<\/li>\n<\/ul>\n<p>After completing 360 hours of courses and 100 hours of seminars, the student can choose to opt for a graduate diploma on ICT specialized in:<\/p>\n<ul>\n<li>Software Engineering<\/li>\n<li>Computer Networks<\/li>\n<li>Auditing and Information Security<\/li>\n<\/ul>\n<p>(*) The graduate diploma cannot be granted\u00a0at the same time as the master\u2019s degree.<\/p>\n<h2>Requirements<\/h2>\n<hr \/>\n<p>Bachelor\u2019s degree or any other degree awarded from an undergraduate program with at least 2700 hours and 4 years of duration majoring in technological areas like informatics, electronics, electricity, etc.<\/p>\n<h2>Faculty<\/h2>\n<hr \/>\n<p>All professors are specialists in each area, with national and international appreciation.<\/p>\n<p>Besides professionals from Paraguay, our staff includes specialists from Spain, Italy, Brazil, Argentina, Uruguay, Colombia, and other countries.<\/p>\n<h2>Tuition Fee<\/h2>\n<hr \/>\n<p>1st Year<br \/>\nGs. 10.000.000 (or 10 installments of Gs. 1.100.000)<\/p>\n<p>2nd Year<br \/>\nGs. 5.000.000 (or 6 installments of\u00a0Gs. 875.000 or 8 initial laments of\u00a0Gs. 687.500)<\/p>\n<h2>Time Schedule<\/h2>\n<hr \/>\n<p>All courses given by national professionals will be Thursdays and Fridays from 18:00 to 22:00.<\/p>\n<p>Courses given by international professionals will be from Monday to Friday from 18:00 to 22:00.<\/p>\n<h2>Contact Information<\/h2>\n<hr \/>\n<p>Dr. Enrique D\u00e1valos &lt;<a href=\"http:\/\/web.archive.org\/web\/20171220144910\/mailto:edavalos@pol.una.py\">edavalos@pol.una.py<\/a>&gt;<\/p>\n<p>Spanish information: <a href=\"http:\/\/web.archive.org\/web\/20171220144910\/http:\/\/www.pol.una.py\/mtic\/\">http:\/\/www.pol.una.py\/mtic\/<\/a>\u00a0|\u00a0<a href=\"http:\/\/web.archive.org\/web\/20171220144910\/http:\/\/www.pol.una.py\/mtic\/mtic_afiche.png\">Poster &#8211; Llamado 2020<\/a><\/p>\n<\/div>\n","protected":false},"excerpt":{"rendered":"<p>Introduction This graduate program is aimed at college majors on informatics, systems engineering, computer science, and other fields related to Information and Communication Technologies (ICT). The professional master\u2019s degree program offers training in three specific areas: Software Engineering, Computer Networks, <a href=\"https:\/\/nidtec.pol.una.py\/index.php\/maestria-en-tecnologia-de-la-informacion-y-comunicacion\/\" class=\"read-more\">Leer m\u00e1s&#8230;<\/a><\/p>\n","protected":false},"author":1,"featured_media":0,"parent":0,"menu_order":0,"comment_status":"closed","ping_status":"closed","template":"","meta":{"footnotes":""},"class_list":["post-47","page","type-page","status-publish","hentry"],"_links":{"self":[{"href":"https:\/\/nidtec.pol.una.py\/index.php\/wp-json\/wp\/v2\/pages\/47","targetHints":{"allow":["GET"]}}],"collection":[{"href":"https:\/\/nidtec.pol.una.py\/index.php\/wp-json\/wp\/v2\/pages"}],"about":[{"href":"https:\/\/nidtec.pol.una.py\/index.php\/wp-json\/wp\/v2\/types\/page"}],"author":[{"embeddable":true,"href":"https:\/\/nidtec.pol.una.py\/index.php\/wp-json\/wp\/v2\/users\/1"}],"replies":[{"embeddable":true,"href":"https:\/\/nidtec.pol.una.py\/index.php\/wp-json\/wp\/v2\/comments?post=47"}],"version-history":[{"count":5,"href":"https:\/\/nidtec.pol.una.py\/index.php\/wp-json\/wp\/v2\/pages\/47\/revisions"}],"predecessor-version":[{"id":768,"href":"https:\/\/nidtec.pol.una.py\/index.php\/wp-json\/wp\/v2\/pages\/47\/revisions\/768"}],"wp:attachment":[{"href":"https:\/\/nidtec.pol.una.py\/index.php\/wp-json\/wp\/v2\/media?parent=47"}],"curies":[{"name":"wp","href":"https:\/\/api.w.org\/{rel}","templated":true}]}}