{"id":429,"date":"2018-11-19T15:33:12","date_gmt":"2018-11-19T19:33:12","guid":{"rendered":"http:\/\/www.cc.pol.una.py\/?page_id=429"},"modified":"2018-11-19T15:33:12","modified_gmt":"2018-11-19T19:33:12","slug":"calendario-junio-agosto-2016","status":"publish","type":"page","link":"https:\/\/nidtec.pol.una.py\/index.php\/calendario-junio-agosto-2016\/","title":{"rendered":"Calendario Junio-Agosto 2016"},"content":{"rendered":"<table width=\"473\">\n<tbody>\n<tr>\n<td><strong>Asignatura<\/strong><\/td>\n<td><strong>Profesor<\/strong><\/td>\n<td><strong>Fecha<\/strong><\/td>\n<td><strong>Horario<\/strong><\/td>\n<\/tr>\n<tr>\n<td>Algoritmos Evolutivos<\/td>\n<td>D.Sc. Benjam\u00edn Bar\u00e1n<br \/>\nFP-UNA<\/td>\n<td>05\/05 al 02\/06<\/td>\n<td>Jueves<\/p>\n<p>08:30 a 12:30 hs y<\/p>\n<p>13:30 a 17:30 hs<\/td>\n<\/tr>\n<tr>\n<td>Probabilidad y Estad\u00edstica<\/td>\n<td>MSc. Santiago Gomez<br \/>\nFP-UNA<\/td>\n<td>10\/05 al 22\/06<\/td>\n<td>Martes y Mi\u00e9rcoles,<\/p>\n<p>08:00 a 11:00 hs<\/td>\n<\/tr>\n<tr>\n<td>Tendencias actuales en Ciencias de los Datos<\/td>\n<td>D.Sc. Christian Schaerer, MSc.Santiago Gomez<br \/>\nFP-UNA<\/td>\n<td>27,28 y 29\/06<\/p>\n<p>30\/06<\/td>\n<td>15:00 a 18:00 hs<\/p>\n<p>15:00 a 16:00 hs<\/td>\n<\/tr>\n<tr>\n<td>Introducci\u00f3n a los biomateriales<\/td>\n<td>Dra. Magna Monteiro<br \/>\nFP-UNA<\/td>\n<td>22\/06 al 02\/09<\/td>\n<td>Mi\u00e9rcoles y Viernes,<\/p>\n<p>13:30 a 15:30<\/td>\n<\/tr>\n<tr>\n<td>Introducci\u00f3n a la computaci\u00f3n cu\u00e1ntica<\/td>\n<td>D.Sc. Benjam\u00edn Bar\u00e1n<br \/>\nFP-UNA<\/td>\n<td>23\/06 al 28\/07<\/td>\n<td>Jueves,<\/p>\n<p>08:30 a 12:30<\/td>\n<\/tr>\n<tr>\n<td>ERTIC<\/p>\n<p>(suspensi\u00f3n de clases de la Mestr\u00eda en CC para permitir asistencia de alumnos a los seminarios)<\/td>\n<td>&nbsp;<\/td>\n<td>11\/07 al 15\/07<\/td>\n<td>&nbsp;<\/td>\n<\/tr>\n<tr>\n<td>Procesamiento Digital de Im\u00e1genes II<\/td>\n<td>Dr. Horacio Legal<br \/>\nFP-UNA<\/td>\n<td>19\/07 al 26\/08<\/td>\n<td>Martes y Viernes,<\/p>\n<p>14:00 a 17:30 hs<\/td>\n<\/tr>\n<tr>\n<td>Arquitectura de software avanzada<\/td>\n<td>Dr. Daniel Romero<br \/>\nFP-UNA<\/td>\n<td>18\/07 al 01\/08<\/td>\n<td>Lunes y Viernes,<\/p>\n<p>14:00 a 18:00 hs<\/td>\n<\/tr>\n<tr>\n<td>Algoritmos probabil\u00edsticos<\/td>\n<td>PhD Marcos Villagra<br \/>\nFP-UNA<\/td>\n<td>26\/07 al 25\/08<\/td>\n<td>Martes,<\/p>\n<p>10:00 a 12:00 hs, y<\/p>\n<p>Jueves,<\/p>\n<p>14:00 a 16:00 hs<\/td>\n<\/tr>\n<tr>\n<td>M\u00e9todos Formales de Verificaci\u00f3n\u00a0\u00a0de Software<\/td>\n<td>Dr. Daniel Romero<br \/>\nFP-UNA<\/td>\n<td>15\/08 al 29\/08<\/td>\n<td>Lunes y Viernes,<\/p>\n<p>14:00 a 18:00 hs<\/td>\n<\/tr>\n<\/tbody>\n<\/table>\n","protected":false},"excerpt":{"rendered":"<p>Asignatura Profesor Fecha Horario Algoritmos Evolutivos D.Sc. Benjam\u00edn Bar\u00e1n FP-UNA 05\/05 al 02\/06 Jueves 08:30 a 12:30 hs y 13:30 a 17:30 hs Probabilidad y Estad\u00edstica MSc. Santiago Gomez FP-UNA 10\/05 al 22\/06 Martes y Mi\u00e9rcoles, 08:00 a 11:00 hs <a href=\"https:\/\/nidtec.pol.una.py\/index.php\/calendario-junio-agosto-2016\/\" class=\"read-more\">Leer m\u00e1s&#8230;<\/a><\/p>\n","protected":false},"author":3,"featured_media":0,"parent":0,"menu_order":0,"comment_status":"closed","ping_status":"closed","template":"","meta":{"footnotes":""},"class_list":["post-429","page","type-page","status-publish","hentry"],"_links":{"self":[{"href":"https:\/\/nidtec.pol.una.py\/index.php\/wp-json\/wp\/v2\/pages\/429","targetHints":{"allow":["GET"]}}],"collection":[{"href":"https:\/\/nidtec.pol.una.py\/index.php\/wp-json\/wp\/v2\/pages"}],"about":[{"href":"https:\/\/nidtec.pol.una.py\/index.php\/wp-json\/wp\/v2\/types\/page"}],"author":[{"embeddable":true,"href":"https:\/\/nidtec.pol.una.py\/index.php\/wp-json\/wp\/v2\/users\/3"}],"replies":[{"embeddable":true,"href":"https:\/\/nidtec.pol.una.py\/index.php\/wp-json\/wp\/v2\/comments?post=429"}],"version-history":[{"count":1,"href":"https:\/\/nidtec.pol.una.py\/index.php\/wp-json\/wp\/v2\/pages\/429\/revisions"}],"predecessor-version":[{"id":430,"href":"https:\/\/nidtec.pol.una.py\/index.php\/wp-json\/wp\/v2\/pages\/429\/revisions\/430"}],"wp:attachment":[{"href":"https:\/\/nidtec.pol.una.py\/index.php\/wp-json\/wp\/v2\/media?parent=429"}],"curies":[{"name":"wp","href":"https:\/\/api.w.org\/{rel}","templated":true}]}}