{"id":15,"date":"2018-07-24T18:13:47","date_gmt":"2018-07-24T22:13:47","guid":{"rendered":"http:\/\/192.168.1.5\/?page_id=15"},"modified":"2023-10-23T12:21:52","modified_gmt":"2023-10-23T15:21:52","slug":"personas","status":"publish","type":"page","link":"https:\/\/nidtec.pol.una.py\/index.php\/personas\/","title":{"rendered":"Personas"},"content":{"rendered":"<p><strong>Profesores investigadores<br \/>\n<\/strong><\/p>\n<hr \/>\n<ul>\n<li>Dr. Benjam\u00edn Bar\u00e1n [<a href=\"http:\/\/cvbaran.cba.com.py\">home page<\/a>]<\/li>\n<li>Dr. Cristian Cappo<\/li>\n<li>Dr. Jos\u00e9 Colbes<\/li>\n<li>Dr. Rolando Cuevas<\/li>\n<li>Dr. Enrique D\u00e1valos<\/li>\n<li>Dr. Mar\u00eda Jos\u00e9 Fernandez<\/li>\n<li>Dr. Horacio Legal<\/li>\n<li>Dr. Magna Monteiro<\/li>\n<li>Dr. Inocencio Ort\u00edz<\/li>\n<li>Dr. Diego Pinto<\/li>\n<li>Dr. Christian Schaerer [<a href=\"https:\/\/cschaerer.cima.org.py\/\">home page]<\/a><\/li>\n<li>Dr. Jos\u00e9 Luis V\u00e1zquez<\/li>\n<li>Dr. Marcos Villagra [<a href=\"https:\/\/nidtec.pol.una.py\/mvillagra\">home page]<\/a><\/li>\n<li>Dr. Cynthia Villalba<\/li>\n<li>Dr. Christian von Lucken<\/li>\n<li>Dr. Julio Mello<\/li>\n<li>Dr. Magdalena del Rocio Botta<\/li>\n<li>Dr. Santiago G\u00f3mez<\/li>\n<li>Dr. Pedro C\u00e9spedes<\/li>\n<li>Dr. Gustavo Sosa<\/li>\n<\/ul>\n<p><strong>Estudiantes de Doctorado<\/strong><\/p>\n<hr \/>\n<ul>\n<li>Liz B\u00e1ez<\/li>\n<li>C\u00e9sar Bogado<\/li>\n<li>Juan Vicente Bogado<\/li>\n<li>Pablo Casanova<\/li>\n<li>Mar\u00eda Bel\u00e9n Mart\u00ednez<\/li>\n<li>Sergio Mercado<\/li>\n<li>Roberto S\u00e1nchez<\/li>\n<li>Pedro Torres<\/li>\n<li>Pedro Villalba<\/li>\n<\/ul>\n<p><strong>Estudiantes de maestr\u00eda<\/strong><\/p>\n<hr \/>\n<ul>\n<li>Eliane Fern\u00e1ndez<\/li>\n<li>Derlis G\u00f3mez<\/li>\n<li>Arturo Gonz\u00e1lez<\/li>\n<li>Marcos Ibarra<\/li>\n<li>Claudia Lezcano<\/li>\n<li>Eduardo Ortigoza<\/li>\n<li>Norma Silguero<\/li>\n<li>Horacio Sosa<\/li>\n<li>Emilio Sotto<\/li>\n<li>Carolina Villegas<\/li>\n<\/ul>\n<p><strong>Investigadores asociados y estudiantes de grado<\/strong><\/p>\n<ul>\n<li>Antonella Lobatti<\/li>\n<li>Lezli Matto<\/li>\n<li>Arturo Romero<\/li>\n<li>Blanca Gill<\/li>\n<\/ul>\n<p><strong>STAFF administrativo del NIDTEC<\/strong><\/p>\n<hr \/>\n<ul>\n<li>Maggie Cabrera<\/li>\n<li>Oscar Duarte<\/li>\n<\/ul>\n","protected":false},"excerpt":{"rendered":"<p>Profesores investigadores Dr. Benjam\u00edn Bar\u00e1n [home page] Dr. Cristian Cappo Dr. Jos\u00e9 Colbes Dr. Rolando Cuevas Dr. Enrique D\u00e1valos Dr. Mar\u00eda Jos\u00e9 Fernandez Dr. Horacio Legal Dr. Magna Monteiro Dr. Inocencio Ort\u00edz Dr. Diego Pinto Dr. Christian Schaerer [home page] <a href=\"https:\/\/nidtec.pol.una.py\/index.php\/personas\/\" class=\"read-more\">Leer m\u00e1s&#8230;<\/a><\/p>\n","protected":false},"author":1,"featured_media":0,"parent":0,"menu_order":0,"comment_status":"closed","ping_status":"closed","template":"","meta":{"footnotes":""},"class_list":["post-15","page","type-page","status-publish","hentry"],"_links":{"self":[{"href":"https:\/\/nidtec.pol.una.py\/index.php\/wp-json\/wp\/v2\/pages\/15","targetHints":{"allow":["GET"]}}],"collection":[{"href":"https:\/\/nidtec.pol.una.py\/index.php\/wp-json\/wp\/v2\/pages"}],"about":[{"href":"https:\/\/nidtec.pol.una.py\/index.php\/wp-json\/wp\/v2\/types\/page"}],"author":[{"embeddable":true,"href":"https:\/\/nidtec.pol.una.py\/index.php\/wp-json\/wp\/v2\/users\/1"}],"replies":[{"embeddable":true,"href":"https:\/\/nidtec.pol.una.py\/index.php\/wp-json\/wp\/v2\/comments?post=15"}],"version-history":[{"count":30,"href":"https:\/\/nidtec.pol.una.py\/index.php\/wp-json\/wp\/v2\/pages\/15\/revisions"}],"predecessor-version":[{"id":1460,"href":"https:\/\/nidtec.pol.una.py\/index.php\/wp-json\/wp\/v2\/pages\/15\/revisions\/1460"}],"wp:attachment":[{"href":"https:\/\/nidtec.pol.una.py\/index.php\/wp-json\/wp\/v2\/media?parent=15"}],"curies":[{"name":"wp","href":"https:\/\/api.w.org\/{rel}","templated":true}]}}