{"id":1221,"date":"2022-08-09T10:15:01","date_gmt":"2022-08-09T13:15:01","guid":{"rendered":"https:\/\/nidtec.pol.una.py\/?page_id=1221"},"modified":"2022-08-26T10:44:24","modified_gmt":"2022-08-26T13:44:24","slug":"articulos-de-divulgacion-cientifica","status":"publish","type":"page","link":"https:\/\/nidtec.pol.una.py\/index.php\/articulos-de-divulgacion-cientifica\/","title":{"rendered":"Art\u00edculos de Divulgaci\u00f3n Cient\u00edfica"},"content":{"rendered":"\n<figure class=\"wp-block-pullquote\"><blockquote><p><a href=\"https:\/\/nidtec.pol.una.py\/index.php\/dynamics-of-suspended-sediment-transport-a-direct-numerical-simulation-study\/\" target=\"_blank\" rel=\"noreferrer noopener\"><img loading=\"lazy\" decoding=\"async\" width=\"1000\" height=\"1313\" class=\"wp-image-1235\" style=\"width: 1000px;\" src=\"http:\/\/nidtec.pol.una.py\/wp-content\/uploads\/2022\/08\/paper01.png\" alt=\"\" srcset=\"https:\/\/nidtec.pol.una.py\/wp-content\/uploads\/2022\/08\/paper01.png 705w, https:\/\/nidtec.pol.una.py\/wp-content\/uploads\/2022\/08\/paper01-228x300.png 228w, https:\/\/nidtec.pol.una.py\/wp-content\/uploads\/2022\/08\/paper01-206x270.png 206w\" sizes=\"auto, (max-width: 1000px) 100vw, 1000px\" \/><\/a><\/p><\/blockquote><\/figure>\n\n\n\n<p><\/p>\n","protected":false},"excerpt":{"rendered":"","protected":false},"author":1,"featured_media":0,"parent":0,"menu_order":0,"comment_status":"closed","ping_status":"closed","template":"","meta":{"footnotes":""},"class_list":["post-1221","page","type-page","status-publish","hentry"],"_links":{"self":[{"href":"https:\/\/nidtec.pol.una.py\/index.php\/wp-json\/wp\/v2\/pages\/1221","targetHints":{"allow":["GET"]}}],"collection":[{"href":"https:\/\/nidtec.pol.una.py\/index.php\/wp-json\/wp\/v2\/pages"}],"about":[{"href":"https:\/\/nidtec.pol.una.py\/index.php\/wp-json\/wp\/v2\/types\/page"}],"author":[{"embeddable":true,"href":"https:\/\/nidtec.pol.una.py\/index.php\/wp-json\/wp\/v2\/users\/1"}],"replies":[{"embeddable":true,"href":"https:\/\/nidtec.pol.una.py\/index.php\/wp-json\/wp\/v2\/comments?post=1221"}],"version-history":[{"count":6,"href":"https:\/\/nidtec.pol.una.py\/index.php\/wp-json\/wp\/v2\/pages\/1221\/revisions"}],"predecessor-version":[{"id":1243,"href":"https:\/\/nidtec.pol.una.py\/index.php\/wp-json\/wp\/v2\/pages\/1221\/revisions\/1243"}],"wp:attachment":[{"href":"https:\/\/nidtec.pol.una.py\/index.php\/wp-json\/wp\/v2\/media?parent=1221"}],"curies":[{"name":"wp","href":"https:\/\/api.w.org\/{rel}","templated":true}]}}