{"id":10,"date":"2018-07-24T18:13:47","date_gmt":"2018-07-24T22:13:47","guid":{"rendered":"http:\/\/192.168.1.5\/?page_id=10"},"modified":"2021-12-14T09:10:21","modified_gmt":"2021-12-14T12:10:21","slug":"contacto","status":"publish","type":"page","link":"https:\/\/nidtec.pol.una.py\/index.php\/contacto\/","title":{"rendered":"Contacto"},"content":{"rendered":"<p>N\u00facleo de Investigaci\u00f3n y Desarrollo Tecnol\u00f3gico<br \/>\nFacultad Polit\u00e9cnica &#8211; U.N.A.<br \/>\nCampus Universitario, San Lorenzo<br \/>\nCC 2111, Tel\u00e9f +595-21 588 7000, PY<\/p>\n<p><iframe loading=\"lazy\" style=\"border: 0;\" src=\"https:\/\/www.google.com\/maps\/embed?pb=!1m18!1m12!1m3!1d962.0526206501332!2d-57.513172961197974!3d-25.334579734551003!2m3!1f0!2f0!3f0!3m2!1i1024!2i768!4f13.1!3m3!1m2!1s0x945dae8b825787c1%3A0x6bcce0a17136d7db!2sN%C3%BAcleo%20de%20Investigaci%C3%B3n%20y%20Desarrollo%20Tecnol%C3%B3gico%20(NIDTec)%20-%20FP%20UNA!5e0!3m2!1ses-419!2spy!4v1639483606039!5m2!1ses-419!2spy\" width=\"400\" height=\"300\" allowfullscreen=\"allowfullscreen\"><\/iframe><\/p>\n","protected":false},"excerpt":{"rendered":"<p>N\u00facleo de Investigaci\u00f3n y Desarrollo Tecnol\u00f3gico Facultad Polit\u00e9cnica &#8211; U.N.A. Campus Universitario, San Lorenzo CC 2111, Tel\u00e9f +595-21 588 7000, PY<\/p>\n","protected":false},"author":1,"featured_media":0,"parent":0,"menu_order":0,"comment_status":"closed","ping_status":"closed","template":"","meta":{"footnotes":""},"class_list":["post-10","page","type-page","status-publish","hentry"],"_links":{"self":[{"href":"https:\/\/nidtec.pol.una.py\/index.php\/wp-json\/wp\/v2\/pages\/10","targetHints":{"allow":["GET"]}}],"collection":[{"href":"https:\/\/nidtec.pol.una.py\/index.php\/wp-json\/wp\/v2\/pages"}],"about":[{"href":"https:\/\/nidtec.pol.una.py\/index.php\/wp-json\/wp\/v2\/types\/page"}],"author":[{"embeddable":true,"href":"https:\/\/nidtec.pol.una.py\/index.php\/wp-json\/wp\/v2\/users\/1"}],"replies":[{"embeddable":true,"href":"https:\/\/nidtec.pol.una.py\/index.php\/wp-json\/wp\/v2\/comments?post=10"}],"version-history":[{"count":4,"href":"https:\/\/nidtec.pol.una.py\/index.php\/wp-json\/wp\/v2\/pages\/10\/revisions"}],"predecessor-version":[{"id":1159,"href":"https:\/\/nidtec.pol.una.py\/index.php\/wp-json\/wp\/v2\/pages\/10\/revisions\/1159"}],"wp:attachment":[{"href":"https:\/\/nidtec.pol.una.py\/index.php\/wp-json\/wp\/v2\/media?parent=10"}],"curies":[{"name":"wp","href":"https:\/\/api.w.org\/{rel}","templated":true}]}}